{"id":904,"date":"2021-10-16T13:27:20","date_gmt":"2021-10-16T16:27:20","guid":{"rendered":"http:\/\/emersus.carmigh.com.ar\/?page_id=904"},"modified":"2021-11-30T10:26:44","modified_gmt":"2021-11-30T13:26:44","slug":"hormigon-pavimento","status":"publish","type":"page","link":"https:\/\/emersus.com.ar\/index.php\/hormigon-pavimento\/","title":{"rendered":"Hormig\u00f3n &#8211; Pavimento"},"content":{"rendered":"\t\t<div data-elementor-type=\"wp-page\" data-elementor-id=\"904\" class=\"elementor elementor-904\" data-elementor-post-type=\"page\">\n\t\t\t\t\t\t<section class=\"elementor-section elementor-top-section elementor-element elementor-element-395817c7 elementor-section-boxed elementor-section-height-default elementor-section-height-default\" data-id=\"395817c7\" data-element_type=\"section\" data-e-type=\"section\">\n\t\t\t\t\t\t<div class=\"elementor-container elementor-column-gap-default\">\n\t\t\t\t\t<div class=\"elementor-column elementor-col-100 elementor-top-column elementor-element elementor-element-14b96084\" data-id=\"14b96084\" data-element_type=\"column\" data-e-type=\"column\">\n\t\t\t<div class=\"elementor-widget-wrap elementor-element-populated\">\n\t\t\t\t\t\t<div class=\"elementor-element elementor-element-22dcb10d ee-heading--solid elementor-invisible elementor-widget elementor-widget-heading-extended\" data-id=\"22dcb10d\" data-element_type=\"widget\" data-e-type=\"widget\" data-settings=\"{&quot;_animation&quot;:&quot;zoomIn&quot;}\" data-widget_type=\"heading-extended.default\">\n\t\t\t\t<div class=\"elementor-widget-container\">\n\t\t\t\t\t\n\t\t\t<h1 class=\"ee-heading elementor-size-default\" data-title=\"Trabajos en Hormig\u00f3n&lt;br&gt;\nPavimento\"><span class=\"ee-heading__text\">\n\t\t\tTrabajos en Hormig\u00f3n<br>\nPavimento\t\t<\/span><\/h1>\n\n\t\t\t\t\t\t<\/div>\n\t\t\t\t<\/div>\n\t\t\t\t\t<\/div>\n\t\t<\/div>\n\t\t\t\t\t<\/div>\n\t\t<\/section>\n\t\t\t\t<section class=\"elementor-section elementor-top-section elementor-element elementor-element-7a995664 elementor-section-content-middle elementor-reverse-mobile elementor-section-boxed elementor-section-height-default elementor-section-height-default\" data-id=\"7a995664\" data-element_type=\"section\" data-e-type=\"section\" id=\"gallery-extra\">\n\t\t\t\t\t\t<div class=\"elementor-container elementor-column-gap-wider\">\n\t\t\t\t\t<div class=\"elementor-column elementor-col-100 elementor-top-column elementor-element elementor-element-28c890d8\" data-id=\"28c890d8\" data-element_type=\"column\" data-e-type=\"column\">\n\t\t\t<div class=\"elementor-widget-wrap elementor-element-populated\">\n\t\t\t\t\t\t<div class=\"elementor-element elementor-element-1dee7014 elementor-invisible elementor-widget elementor-widget-ee-offcanvas\" data-id=\"1dee7014\" data-element_type=\"widget\" data-e-type=\"widget\" data-settings=\"{&quot;animation&quot;:&quot;push&quot;,&quot;anchor_navigation_speed&quot;:{&quot;unit&quot;:&quot;px&quot;,&quot;size&quot;:902,&quot;sizes&quot;:[]},&quot;position&quot;:&quot;left&quot;,&quot;anchor_navigation&quot;:&quot;yes&quot;,&quot;anchor_navigation_close&quot;:&quot;yes&quot;,&quot;refresh_widgets&quot;:&quot;yes&quot;,&quot;trigger_source&quot;:&quot;burger&quot;}\" data-widget_type=\"ee-offcanvas.classic\">\n\t\t\t\t<div class=\"elementor-widget-container\">\n\t\t\t\t\t<div class=\"ee-button-wrapper ee-offcanvas-position--inline\">\n\t\t\t<div class=\"ee-button ee-hamburger ee-hamburger--spin ee-offcanvas__trigger ee-offcanvas__trigger--inline\" id=\"slidebar-trigger_1dee7014\" data-slidebar-id=\"1dee7014\" aria-label=\"Menu\" aria-controls=\"navigation\">\n\n\t\t\t\t<span class=\"ee-button-content-wrapper\">\n\n\t\t\t\t\t\t\t\t\t\t<span class=\"ee-button-icon ee-icon--left ee-hamburger-box\">\n\t\t\t\t\t\t<span class=\"ee-hamburger-inner\"><\/span>\n\t\t\t\t\t<\/span>\n\t\t\t\t\t\n\t\t\t\t\t\t\t\t\t\t<span class=\"ee-button-text\">\n\t\t\t\t\t\tM\u00e1s info\t\t\t\t\t<\/span>\n\t\t\t\t\t\n\t\t\t\t<\/span>\n\n\t\t\t<\/div>\n\t\t<\/div><div class=\"ee-offcanvas__content ee-offcanvas__content-1dee7014\">\n\t\t\t\t\t\t<div class=\"ee-offcanvas__header ee-offcanvas__header-close--after\">\n\t\t\t\t\t\t\t\t\t\t\t\t\t<div class=\"ee-offcanvas__header__close\"><i class=\"eicon-close\"><\/i><\/div>\n\t\t\t\t\t\t\t<\/div>\n\t\t\t\t\t\t<div class=\"ee-offcanvas__content__item elementor-repeater-item-b5dc62f\"><p><span style=\"font-weight: 400;\">Elaboraci\u00f3n de pavimentos con juntas de dilataci\u00f3n, contracci\u00f3n y reforzados.<\/span><\/p><\/div>\t\t<\/div>\t\t\t\t<\/div>\n\t\t\t\t<\/div>\n\t\t\t\t<div class=\"elementor-element elementor-element-27d4c172 ee-grid-columns-tablet-3 ee-grid-columns-mobile-2 ee-grid-columns-2 ee-media-align--middle ee-media-align--center ee-grid-masonry-layout--columns ee-gallery-overflow-tablet--yes ee-gallery-overflow-mobile--yes elementor-widget elementor-widget-gallery-extra\" data-id=\"27d4c172\" data-element_type=\"widget\" data-e-type=\"widget\" data-settings=\"{&quot;columns_tablet&quot;:&quot;3&quot;,&quot;columns_mobile&quot;:&quot;2&quot;,&quot;columns&quot;:&quot;2&quot;,&quot;masonry_enable&quot;:&quot;yes&quot;,&quot;tilt_enable&quot;:&quot;yes&quot;,&quot;tilt_amount&quot;:{&quot;unit&quot;:&quot;px&quot;,&quot;size&quot;:20,&quot;sizes&quot;:[]},&quot;tilt_scale&quot;:{&quot;unit&quot;:&quot;px&quot;,&quot;size&quot;:1.05,&quot;sizes&quot;:[]},&quot;tilt_speed&quot;:{&quot;unit&quot;:&quot;px&quot;,&quot;size&quot;:800,&quot;sizes&quot;:[]}}\" data-widget_type=\"gallery-extra.default\">\n\t\t\t\t<div class=\"elementor-widget-container\">\n\t\t\t\t\t<div class=\"ee-gallery-wrapper\">\n\t\t\t<div class=\"ee-gallery ee-grid ee-grid--gallery ee-gallery__gallery\"><div class=\"ee-grid__item ee-grid__item--sizer\"><\/div><div class=\"ee-gallery__item ee-gallery__item--1 ee-grid__item\">\n\t\t\t\t<a class=\"ee-media ee-gallery__media\" data-elementor-open-lightbox=\"yes\" data-elementor-lightbox-slideshow=\"27d4c172_904\" data-elementor-lightbox-title=\"hormigon-1\" data-e-action-hash=\"#elementor-action%3Aaction%3Dlightbox%26settings%3DeyJpZCI6MTMyNSwidXJsIjoiaHR0cHM6XC9cL2VtZXJzdXMuY29tLmFyXC93cC1jb250ZW50XC91cGxvYWRzXC8yMDIxXC8xMFwvaG9ybWlnb24tMS5qcGciLCJzbGlkZXNob3ciOiIyN2Q0YzE3Ml85MDQifQ%3D%3D\" href=\"https:\/\/emersus.com.ar\/wp-content\/uploads\/2021\/10\/hormigon-1.jpg\">\n\t\t\t\t\t<div class=\"ee-media__wrapper ee-gallery__media-wrapper ee-gallery__tilt\"><div class=\"ee-media__thumbnail ee-gallery__media__thumbnail\">\n\t\t\t<img decoding=\"async\" src=\"https:\/\/emersus.com.ar\/wp-content\/uploads\/2021\/10\/hormigon-1.jpg\" title=\"hormigon-1\" \/>\n\t\t<\/div><div class=\"ee-media__overlay ee-gallery__media__overlay\"><\/div><\/div>\n\t\t\t\t<\/a>\n\t\t\t<\/div><div class=\"ee-gallery__item ee-gallery__item--2 ee-grid__item\">\n\t\t\t\t<a class=\"ee-media ee-gallery__media\" data-elementor-open-lightbox=\"yes\" data-elementor-lightbox-slideshow=\"27d4c172_904\" data-elementor-lightbox-title=\"hormigon-2\" data-e-action-hash=\"#elementor-action%3Aaction%3Dlightbox%26settings%3DeyJpZCI6MTMyNiwidXJsIjoiaHR0cHM6XC9cL2VtZXJzdXMuY29tLmFyXC93cC1jb250ZW50XC91cGxvYWRzXC8yMDIxXC8xMFwvaG9ybWlnb24tMi5qcGciLCJzbGlkZXNob3ciOiIyN2Q0YzE3Ml85MDQifQ%3D%3D\" href=\"https:\/\/emersus.com.ar\/wp-content\/uploads\/2021\/10\/hormigon-2.jpg\">\n\t\t\t\t\t<div class=\"ee-media__wrapper ee-gallery__media-wrapper ee-gallery__tilt\"><div class=\"ee-media__thumbnail ee-gallery__media__thumbnail\">\n\t\t\t<img decoding=\"async\" src=\"https:\/\/emersus.com.ar\/wp-content\/uploads\/2021\/10\/hormigon-2-768x432.jpg\" title=\"hormigon-2\" \/>\n\t\t<\/div><div class=\"ee-media__overlay ee-gallery__media__overlay\"><\/div><\/div>\n\t\t\t\t<\/a>\n\t\t\t<\/div><div class=\"ee-gallery__item ee-gallery__item--3 ee-grid__item\">\n\t\t\t\t<a class=\"ee-media ee-gallery__media\" data-elementor-open-lightbox=\"yes\" data-elementor-lightbox-slideshow=\"27d4c172_904\" data-elementor-lightbox-title=\"hormigon-3\" data-e-action-hash=\"#elementor-action%3Aaction%3Dlightbox%26settings%3DeyJpZCI6MTMyNywidXJsIjoiaHR0cHM6XC9cL2VtZXJzdXMuY29tLmFyXC93cC1jb250ZW50XC91cGxvYWRzXC8yMDIxXC8xMFwvaG9ybWlnb24tMy5qcGciLCJzbGlkZXNob3ciOiIyN2Q0YzE3Ml85MDQifQ%3D%3D\" href=\"https:\/\/emersus.com.ar\/wp-content\/uploads\/2021\/10\/hormigon-3.jpg\">\n\t\t\t\t\t<div class=\"ee-media__wrapper ee-gallery__media-wrapper ee-gallery__tilt\"><div class=\"ee-media__thumbnail ee-gallery__media__thumbnail\">\n\t\t\t<img decoding=\"async\" src=\"https:\/\/emersus.com.ar\/wp-content\/uploads\/2021\/10\/hormigon-3.jpg\" title=\"hormigon-3\" \/>\n\t\t<\/div><div class=\"ee-media__overlay ee-gallery__media__overlay\"><\/div><\/div>\n\t\t\t\t<\/a>\n\t\t\t<\/div><\/div>\n\t\t<\/div>\t\t\t\t<\/div>\n\t\t\t\t<\/div>\n\t\t\t\t<div class=\"elementor-element elementor-element-2f07693 elementor-widget elementor-widget-global elementor-global-931 elementor-widget-button\" data-id=\"2f07693\" data-element_type=\"widget\" data-e-type=\"widget\" data-widget_type=\"button.default\">\n\t\t\t\t<div class=\"elementor-widget-container\">\n\t\t\t\t\t\t\t\t\t<div class=\"elementor-button-wrapper\">\n\t\t\t\t\t<a class=\"elementor-button elementor-button-link elementor-size-xs\" href=\"http:\/\/emersus.carmigh.com.ar\/#portfolio\">\n\t\t\t\t\t\t<span class=\"elementor-button-content-wrapper\">\n\t\t\t\t\t\t<span class=\"elementor-button-icon\">\n\t\t\t\t<i aria-hidden=\"true\" class=\"fas fa-angle-double-up\"><\/i>\t\t\t<\/span>\n\t\t\t\t\t\t\t\t\t<span class=\"elementor-button-text\">Volver<\/span>\n\t\t\t\t\t<\/span>\n\t\t\t\t\t<\/a>\n\t\t\t\t<\/div>\n\t\t\t\t\t\t\t\t<\/div>\n\t\t\t\t<\/div>\n\t\t\t\t\t<\/div>\n\t\t<\/div>\n\t\t\t\t\t<\/div>\n\t\t<\/section>\n\t\t\t\t<\/div>\n\t\t","protected":false},"excerpt":{"rendered":"<p>Trabajos en Hormig\u00f3n Pavimento M\u00e1s info Elaboraci\u00f3n de pavimentos con juntas de dilataci\u00f3n, contracci\u00f3n y reforzados. Volver<\/p>\n","protected":false},"author":1,"featured_media":0,"parent":0,"menu_order":0,"comment_status":"closed","ping_status":"closed","template":"elementor_header_footer","meta":{"_genesis_hide_title":true,"_genesis_hide_breadcrumbs":false,"_genesis_hide_singular_image":false,"_genesis_hide_footer_widgets":false,"_genesis_custom_body_class":"","_genesis_custom_post_class":"","_genesis_layout":"","footnotes":""},"class_list":{"0":"post-904","1":"page","2":"type-page","3":"status-publish","5":"entry"},"_links":{"self":[{"href":"https:\/\/emersus.com.ar\/index.php\/wp-json\/wp\/v2\/pages\/904","targetHints":{"allow":["GET"]}}],"collection":[{"href":"https:\/\/emersus.com.ar\/index.php\/wp-json\/wp\/v2\/pages"}],"about":[{"href":"https:\/\/emersus.com.ar\/index.php\/wp-json\/wp\/v2\/types\/page"}],"author":[{"embeddable":true,"href":"https:\/\/emersus.com.ar\/index.php\/wp-json\/wp\/v2\/users\/1"}],"replies":[{"embeddable":true,"href":"https:\/\/emersus.com.ar\/index.php\/wp-json\/wp\/v2\/comments?post=904"}],"version-history":[{"count":17,"href":"https:\/\/emersus.com.ar\/index.php\/wp-json\/wp\/v2\/pages\/904\/revisions"}],"predecessor-version":[{"id":1511,"href":"https:\/\/emersus.com.ar\/index.php\/wp-json\/wp\/v2\/pages\/904\/revisions\/1511"}],"wp:attachment":[{"href":"https:\/\/emersus.com.ar\/index.php\/wp-json\/wp\/v2\/media?parent=904"}],"curies":[{"name":"wp","href":"https:\/\/api.w.org\/{rel}","templated":true}]}}