{"id":1416,"date":"2021-11-22T16:09:14","date_gmt":"2021-11-22T19:09:14","guid":{"rendered":"https:\/\/emersus.com.ar\/?page_id=1416"},"modified":"2021-11-30T10:27:46","modified_gmt":"2021-11-30T13:27:46","slug":"instalaciones-industriales","status":"publish","type":"page","link":"https:\/\/emersus.com.ar\/index.php\/instalaciones-industriales\/","title":{"rendered":"Instalaciones industriales"},"content":{"rendered":"\t\t<div data-elementor-type=\"wp-page\" data-elementor-id=\"1416\" class=\"elementor elementor-1416\" data-elementor-post-type=\"page\">\n\t\t\t\t\t\t<section class=\"elementor-section elementor-top-section elementor-element elementor-element-74cde679 elementor-section-boxed elementor-section-height-default elementor-section-height-default\" data-id=\"74cde679\" data-element_type=\"section\" data-e-type=\"section\">\n\t\t\t\t\t\t<div class=\"elementor-container elementor-column-gap-default\">\n\t\t\t\t\t<div class=\"elementor-column elementor-col-100 elementor-top-column elementor-element elementor-element-886dc24\" data-id=\"886dc24\" data-element_type=\"column\" data-e-type=\"column\">\n\t\t\t<div class=\"elementor-widget-wrap elementor-element-populated\">\n\t\t\t\t\t\t<div class=\"elementor-element elementor-element-766ff0d ee-heading--solid elementor-invisible elementor-widget elementor-widget-heading-extended\" data-id=\"766ff0d\" data-element_type=\"widget\" data-e-type=\"widget\" data-settings=\"{&quot;_animation&quot;:&quot;zoomIn&quot;}\" data-widget_type=\"heading-extended.default\">\n\t\t\t\t<div class=\"elementor-widget-container\">\n\t\t\t\t\t\n\t\t\t<h1 class=\"ee-heading elementor-size-default\" data-title=\"Instalaciones Industriales - Tanque Industrial\"><span class=\"ee-heading__text\">\n\t\t\tInstalaciones Industriales &#8211; Tanque Industrial\t\t<\/span><\/h1>\n\n\t\t\t\t\t\t<\/div>\n\t\t\t\t<\/div>\n\t\t\t\t\t<\/div>\n\t\t<\/div>\n\t\t\t\t\t<\/div>\n\t\t<\/section>\n\t\t\t\t<section class=\"elementor-section elementor-top-section elementor-element elementor-element-c5dde41 elementor-section-content-middle elementor-reverse-mobile elementor-section-boxed elementor-section-height-default elementor-section-height-default\" data-id=\"c5dde41\" data-element_type=\"section\" data-e-type=\"section\" id=\"gallery-extra\">\n\t\t\t\t\t\t<div class=\"elementor-container elementor-column-gap-wider\">\n\t\t\t\t\t<div class=\"elementor-column elementor-col-100 elementor-top-column elementor-element elementor-element-737750d2\" data-id=\"737750d2\" data-element_type=\"column\" data-e-type=\"column\">\n\t\t\t<div class=\"elementor-widget-wrap elementor-element-populated\">\n\t\t\t\t\t\t<div class=\"elementor-element elementor-element-e57ff6b elementor-invisible elementor-widget elementor-widget-ee-offcanvas\" data-id=\"e57ff6b\" data-element_type=\"widget\" data-e-type=\"widget\" data-settings=\"{&quot;animation&quot;:&quot;push&quot;,&quot;anchor_navigation_speed&quot;:{&quot;unit&quot;:&quot;px&quot;,&quot;size&quot;:902,&quot;sizes&quot;:[]},&quot;position&quot;:&quot;left&quot;,&quot;anchor_navigation&quot;:&quot;yes&quot;,&quot;anchor_navigation_close&quot;:&quot;yes&quot;,&quot;refresh_widgets&quot;:&quot;yes&quot;,&quot;trigger_source&quot;:&quot;burger&quot;}\" data-widget_type=\"ee-offcanvas.classic\">\n\t\t\t\t<div class=\"elementor-widget-container\">\n\t\t\t\t\t<div class=\"ee-button-wrapper ee-offcanvas-position--inline\">\n\t\t\t<div class=\"ee-button ee-hamburger ee-hamburger--spin ee-offcanvas__trigger ee-offcanvas__trigger--inline\" id=\"slidebar-trigger_e57ff6b\" data-slidebar-id=\"e57ff6b\" aria-label=\"Menu\" aria-controls=\"navigation\">\n\n\t\t\t\t<span class=\"ee-button-content-wrapper\">\n\n\t\t\t\t\t\t\t\t\t\t<span class=\"ee-button-icon ee-icon--left ee-hamburger-box\">\n\t\t\t\t\t\t<span class=\"ee-hamburger-inner\"><\/span>\n\t\t\t\t\t<\/span>\n\t\t\t\t\t\n\t\t\t\t\t\t\t\t\t\t<span class=\"ee-button-text\">\n\t\t\t\t\t\tM\u00e1s info\t\t\t\t\t<\/span>\n\t\t\t\t\t\n\t\t\t\t<\/span>\n\n\t\t\t<\/div>\n\t\t<\/div><div class=\"ee-offcanvas__content ee-offcanvas__content-e57ff6b\">\n\t\t\t\t\t\t<div class=\"ee-offcanvas__header ee-offcanvas__header-close--after\">\n\t\t\t\t\t\t\t\t\t\t\t\t\t<div class=\"ee-offcanvas__header__close\"><i class=\"eicon-close\"><\/i><\/div>\n\t\t\t\t\t\t\t<\/div>\n\t\t\t\t\t\t<div class=\"ee-offcanvas__content__item elementor-repeater-item-b5dc62f\"><p><b>TANQUE INDUSTRIAL<\/b><\/p><p><span style=\"font-weight: 400;\">Adecuaci\u00f3n planta tratamiento industrial. Ejecuci\u00f3n de tanque en hormig\u00f3n armado de 500m3, 8m de altura y ca\u00f1er\u00edas de interconexi\u00f3n, impulsi\u00f3n y descarga en acero de 3\u201d y 6\u201d para instalaci\u00f3n de 3 aireadores seg\u00fan normas Acumar.<\/span><\/p><\/div>\t\t<\/div>\t\t\t\t<\/div>\n\t\t\t\t<\/div>\n\t\t\t\t<div class=\"elementor-element elementor-element-60c4c84e ee-grid-columns-tablet-3 ee-grid-columns-mobile-2 ee-grid-columns-2 ee-media-align--middle ee-media-align--center ee-grid-masonry-layout--columns ee-gallery-overflow-tablet--yes ee-gallery-overflow-mobile--yes elementor-widget elementor-widget-gallery-extra\" data-id=\"60c4c84e\" data-element_type=\"widget\" data-e-type=\"widget\" data-settings=\"{&quot;columns_tablet&quot;:&quot;3&quot;,&quot;columns_mobile&quot;:&quot;2&quot;,&quot;columns&quot;:&quot;2&quot;,&quot;masonry_enable&quot;:&quot;yes&quot;,&quot;tilt_enable&quot;:&quot;yes&quot;,&quot;tilt_amount&quot;:{&quot;unit&quot;:&quot;px&quot;,&quot;size&quot;:20,&quot;sizes&quot;:[]},&quot;tilt_scale&quot;:{&quot;unit&quot;:&quot;px&quot;,&quot;size&quot;:1.05,&quot;sizes&quot;:[]},&quot;tilt_speed&quot;:{&quot;unit&quot;:&quot;px&quot;,&quot;size&quot;:800,&quot;sizes&quot;:[]}}\" data-widget_type=\"gallery-extra.default\">\n\t\t\t\t<div class=\"elementor-widget-container\">\n\t\t\t\t\t<div class=\"ee-gallery-wrapper\">\n\t\t\t<div class=\"ee-gallery ee-grid ee-grid--gallery ee-gallery__gallery\"><div class=\"ee-grid__item ee-grid__item--sizer\"><\/div><div class=\"ee-gallery__item ee-gallery__item--1 ee-grid__item\">\n\t\t\t\t<a class=\"ee-media ee-gallery__media\" data-elementor-open-lightbox=\"yes\" data-elementor-lightbox-slideshow=\"60c4c84e_1416\" data-elementor-lightbox-title=\"TANQUE INDUSTRIAL 1\" data-e-action-hash=\"#elementor-action%3Aaction%3Dlightbox%26settings%3DeyJpZCI6MTQ1OSwidXJsIjoiaHR0cHM6XC9cL2VtZXJzdXMuY29tLmFyXC93cC1jb250ZW50XC91cGxvYWRzXC8yMDIxXC8xMVwvVEFOUVVFLUlORFVTVFJJQUwtMS5qcGciLCJzbGlkZXNob3ciOiI2MGM0Yzg0ZV8xNDE2In0%3D\" href=\"https:\/\/emersus.com.ar\/wp-content\/uploads\/2021\/11\/TANQUE-INDUSTRIAL-1.jpg\">\n\t\t\t\t\t<div class=\"ee-media__wrapper ee-gallery__media-wrapper ee-gallery__tilt\"><div class=\"ee-media__thumbnail ee-gallery__media__thumbnail\">\n\t\t\t<img decoding=\"async\" src=\"https:\/\/emersus.com.ar\/wp-content\/uploads\/2021\/11\/TANQUE-INDUSTRIAL-1-768x1024.jpg\" title=\"TANQUE INDUSTRIAL 1\" \/>\n\t\t<\/div><div class=\"ee-media__overlay ee-gallery__media__overlay\"><\/div><\/div>\n\t\t\t\t<\/a>\n\t\t\t<\/div><div class=\"ee-gallery__item ee-gallery__item--2 ee-grid__item\">\n\t\t\t\t<a class=\"ee-media ee-gallery__media\" data-elementor-open-lightbox=\"yes\" data-elementor-lightbox-slideshow=\"60c4c84e_1416\" data-elementor-lightbox-title=\"TANQUE INDUSTRIAL-2\" data-e-action-hash=\"#elementor-action%3Aaction%3Dlightbox%26settings%3DeyJpZCI6MTQ2MCwidXJsIjoiaHR0cHM6XC9cL2VtZXJzdXMuY29tLmFyXC93cC1jb250ZW50XC91cGxvYWRzXC8yMDIxXC8xMVwvVEFOUVVFLUlORFVTVFJJQUwtMi5qcGciLCJzbGlkZXNob3ciOiI2MGM0Yzg0ZV8xNDE2In0%3D\" href=\"https:\/\/emersus.com.ar\/wp-content\/uploads\/2021\/11\/TANQUE-INDUSTRIAL-2.jpg\">\n\t\t\t\t\t<div class=\"ee-media__wrapper ee-gallery__media-wrapper ee-gallery__tilt\"><div class=\"ee-media__thumbnail ee-gallery__media__thumbnail\">\n\t\t\t<img decoding=\"async\" src=\"https:\/\/emersus.com.ar\/wp-content\/uploads\/2021\/11\/TANQUE-INDUSTRIAL-2-768x1024.jpg\" title=\"TANQUE INDUSTRIAL-2\" \/>\n\t\t<\/div><div class=\"ee-media__overlay ee-gallery__media__overlay\"><\/div><\/div>\n\t\t\t\t<\/a>\n\t\t\t<\/div><div class=\"ee-gallery__item ee-gallery__item--3 ee-grid__item\">\n\t\t\t\t<a class=\"ee-media ee-gallery__media\" data-elementor-open-lightbox=\"yes\" data-elementor-lightbox-slideshow=\"60c4c84e_1416\" data-elementor-lightbox-title=\"TANQUE INDUSTRIAL-3\" data-e-action-hash=\"#elementor-action%3Aaction%3Dlightbox%26settings%3DeyJpZCI6MTQ2MSwidXJsIjoiaHR0cHM6XC9cL2VtZXJzdXMuY29tLmFyXC93cC1jb250ZW50XC91cGxvYWRzXC8yMDIxXC8xMVwvVEFOUVVFLUlORFVTVFJJQUwtMy5qcGciLCJzbGlkZXNob3ciOiI2MGM0Yzg0ZV8xNDE2In0%3D\" href=\"https:\/\/emersus.com.ar\/wp-content\/uploads\/2021\/11\/TANQUE-INDUSTRIAL-3.jpg\">\n\t\t\t\t\t<div class=\"ee-media__wrapper ee-gallery__media-wrapper ee-gallery__tilt\"><div class=\"ee-media__thumbnail ee-gallery__media__thumbnail\">\n\t\t\t<img decoding=\"async\" src=\"https:\/\/emersus.com.ar\/wp-content\/uploads\/2021\/11\/TANQUE-INDUSTRIAL-3-768x1024.jpg\" title=\"TANQUE INDUSTRIAL-3\" \/>\n\t\t<\/div><div class=\"ee-media__overlay ee-gallery__media__overlay\"><\/div><\/div>\n\t\t\t\t<\/a>\n\t\t\t<\/div><div class=\"ee-gallery__item ee-gallery__item--4 ee-grid__item\">\n\t\t\t\t<a class=\"ee-media ee-gallery__media\" data-elementor-open-lightbox=\"yes\" data-elementor-lightbox-slideshow=\"60c4c84e_1416\" data-elementor-lightbox-title=\"TANQUE-INDUSTRIAL-4\" data-e-action-hash=\"#elementor-action%3Aaction%3Dlightbox%26settings%3DeyJpZCI6MTQ2MiwidXJsIjoiaHR0cHM6XC9cL2VtZXJzdXMuY29tLmFyXC93cC1jb250ZW50XC91cGxvYWRzXC8yMDIxXC8xMVwvVEFOUVVFLUlORFVTVFJJQUwtNC5qcGciLCJzbGlkZXNob3ciOiI2MGM0Yzg0ZV8xNDE2In0%3D\" href=\"https:\/\/emersus.com.ar\/wp-content\/uploads\/2021\/11\/TANQUE-INDUSTRIAL-4.jpg\">\n\t\t\t\t\t<div class=\"ee-media__wrapper ee-gallery__media-wrapper ee-gallery__tilt\"><div class=\"ee-media__thumbnail ee-gallery__media__thumbnail\">\n\t\t\t<img decoding=\"async\" src=\"https:\/\/emersus.com.ar\/wp-content\/uploads\/2021\/11\/TANQUE-INDUSTRIAL-4-768x576.jpg\" title=\"TANQUE-INDUSTRIAL-4\" \/>\n\t\t<\/div><div class=\"ee-media__overlay ee-gallery__media__overlay\"><\/div><\/div>\n\t\t\t\t<\/a>\n\t\t\t<\/div><\/div>\n\t\t<\/div>\t\t\t\t<\/div>\n\t\t\t\t<\/div>\n\t\t\t\t\t<\/div>\n\t\t<\/div>\n\t\t\t\t\t<\/div>\n\t\t<\/section>\n\t\t\t\t<\/div>\n\t\t","protected":false},"excerpt":{"rendered":"<p>Instalaciones Industriales &#8211; Tanque Industrial M\u00e1s info TANQUE INDUSTRIAL Adecuaci\u00f3n planta tratamiento industrial. Ejecuci\u00f3n de tanque en hormig\u00f3n armado de 500m3, 8m de altura y ca\u00f1er\u00edas de interconexi\u00f3n, impulsi\u00f3n y descarga en acero de 3\u201d y 6\u201d para instalaci\u00f3n de 3 aireadores seg\u00fan normas Acumar.<\/p>\n","protected":false},"author":1,"featured_media":0,"parent":0,"menu_order":0,"comment_status":"closed","ping_status":"closed","template":"elementor_header_footer","meta":{"_genesis_hide_title":true,"_genesis_hide_breadcrumbs":false,"_genesis_hide_singular_image":false,"_genesis_hide_footer_widgets":false,"_genesis_custom_body_class":"","_genesis_custom_post_class":"","_genesis_layout":"","footnotes":""},"class_list":{"0":"post-1416","1":"page","2":"type-page","3":"status-publish","5":"entry"},"_links":{"self":[{"href":"https:\/\/emersus.com.ar\/index.php\/wp-json\/wp\/v2\/pages\/1416","targetHints":{"allow":["GET"]}}],"collection":[{"href":"https:\/\/emersus.com.ar\/index.php\/wp-json\/wp\/v2\/pages"}],"about":[{"href":"https:\/\/emersus.com.ar\/index.php\/wp-json\/wp\/v2\/types\/page"}],"author":[{"embeddable":true,"href":"https:\/\/emersus.com.ar\/index.php\/wp-json\/wp\/v2\/users\/1"}],"replies":[{"embeddable":true,"href":"https:\/\/emersus.com.ar\/index.php\/wp-json\/wp\/v2\/comments?post=1416"}],"version-history":[{"count":10,"href":"https:\/\/emersus.com.ar\/index.php\/wp-json\/wp\/v2\/pages\/1416\/revisions"}],"predecessor-version":[{"id":1514,"href":"https:\/\/emersus.com.ar\/index.php\/wp-json\/wp\/v2\/pages\/1416\/revisions\/1514"}],"wp:attachment":[{"href":"https:\/\/emersus.com.ar\/index.php\/wp-json\/wp\/v2\/media?parent=1416"}],"curies":[{"name":"wp","href":"https:\/\/api.w.org\/{rel}","templated":true}]}}